{"id":105,"date":"2024-10-18T14:08:58","date_gmt":"2024-10-18T12:08:58","guid":{"rendered":"https:\/\/www.menuiserie-blb.com\/?page_id=105"},"modified":"2025-06-03T16:00:09","modified_gmt":"2025-06-03T14:00:09","slug":"sas-portes-sur-mesure","status":"publish","type":"page","link":"https:\/\/www.menuiserie-blb.com\/?page_id=105","title":{"rendered":"Am\u00e9nagements Liturgiques"},"content":{"rendered":"\n<div style=\"height:60px\" aria-hidden=\"true\" class=\"wp-block-spacer\"><\/div>\n\n\n\n<h1 class=\"wp-block-heading has-text-align-center\">Am\u00e9nagements Liturgiques<\/h1>\n\n\n\n<div style=\"height:60px\" aria-hidden=\"true\" class=\"wp-block-spacer\"><\/div>\n\n\n\n<p style=\"padding-right:25px;padding-left:25px\">Des projets exigeants, sur mesure, qui s&rsquo;int\u00e8grent dans le respect de l&rsquo;architecture existante.<\/p>\n\n\n\n<div class=\"wp-block-group\" style=\"padding-right:25px;padding-left:25px\"><div class=\"wp-block-group__inner-container is-layout-constrained wp-container-core-group-is-layout-1 wp-block-group-is-layout-constrained\">\n<p><strong>Eglise Sainte Jeanne de Chantal, Paris 16 e<\/strong><\/p>\n\n\n\n<p>Sainte Jeanne de Chantal est une Eglise situ\u00e9e porte de Saint Cloud \u00e0 proximit\u00e9 du Parc des Princes. Entre la n\u00e9cessit\u00e9 de s\u00e9curiser l&rsquo;\u00e9difice lors des matchs et le besoin d&rsquo;ouvrir l&rsquo;Eglise pour accueillir les fid\u00e8les, nous avons propos\u00e9 plusieurs options de conception. En concertation avec le dioc\u00e8se, la paroisse a donc retenu un design sobre et moderne qui s&rsquo;int\u00e8gre \u00e0 l&rsquo;architecture de l&rsquo;Eglise.<\/p>\n\n\n\n<figure class=\"wp-block-gallery has-nested-images columns-default is-cropped wp-block-gallery-1 is-layout-flex wp-block-gallery-is-layout-flex\">\n<figure class=\"wp-block-image size-large\"><img loading=\"lazy\" decoding=\"async\" width=\"768\" height=\"1024\" src=\"https:\/\/www.menuiserie-blb.com\/wp-content\/uploads\/2024\/10\/sas-sjdc-ext-1-768x1024.jpg\" alt=\"\" class=\"wp-image-145\" srcset=\"https:\/\/www.menuiserie-blb.com\/wp-content\/uploads\/2024\/10\/sas-sjdc-ext-1-768x1024.jpg 768w, https:\/\/www.menuiserie-blb.com\/wp-content\/uploads\/2024\/10\/sas-sjdc-ext-1-225x300.jpg 225w, https:\/\/www.menuiserie-blb.com\/wp-content\/uploads\/2024\/10\/sas-sjdc-ext-1-1152x1536.jpg 1152w, https:\/\/www.menuiserie-blb.com\/wp-content\/uploads\/2024\/10\/sas-sjdc-ext-1.jpg 1200w\" sizes=\"auto, (max-width: 768px) 100vw, 768px\" \/><\/figure>\n\n\n\n<figure class=\"wp-block-image size-large\"><img loading=\"lazy\" decoding=\"async\" width=\"1024\" height=\"1024\" src=\"https:\/\/www.menuiserie-blb.com\/wp-content\/uploads\/2024\/10\/sas-sjdc-1024x1024-1.jpg\" alt=\"\" class=\"wp-image-144\" srcset=\"https:\/\/www.menuiserie-blb.com\/wp-content\/uploads\/2024\/10\/sas-sjdc-1024x1024-1.jpg 1024w, https:\/\/www.menuiserie-blb.com\/wp-content\/uploads\/2024\/10\/sas-sjdc-1024x1024-1-300x300.jpg 300w, https:\/\/www.menuiserie-blb.com\/wp-content\/uploads\/2024\/10\/sas-sjdc-1024x1024-1-150x150.jpg 150w, https:\/\/www.menuiserie-blb.com\/wp-content\/uploads\/2024\/10\/sas-sjdc-1024x1024-1-768x768.jpg 768w\" sizes=\"auto, (max-width: 1024px) 100vw, 1024px\" \/><\/figure>\n\n\n\n<figure class=\"wp-block-image size-large\"><img loading=\"lazy\" decoding=\"async\" width=\"1024\" height=\"768\" src=\"https:\/\/www.menuiserie-blb.com\/wp-content\/uploads\/2024\/10\/sas-sjdc-copie-1024x768.jpg\" alt=\"\" class=\"wp-image-146\" srcset=\"https:\/\/www.menuiserie-blb.com\/wp-content\/uploads\/2024\/10\/sas-sjdc-copie-1024x768.jpg 1024w, https:\/\/www.menuiserie-blb.com\/wp-content\/uploads\/2024\/10\/sas-sjdc-copie-300x225.jpg 300w, https:\/\/www.menuiserie-blb.com\/wp-content\/uploads\/2024\/10\/sas-sjdc-copie-768x576.jpg 768w, https:\/\/www.menuiserie-blb.com\/wp-content\/uploads\/2024\/10\/sas-sjdc-copie-1536x1152.jpg 1536w, https:\/\/www.menuiserie-blb.com\/wp-content\/uploads\/2024\/10\/sas-sjdc-copie.jpg 1600w\" sizes=\"auto, (max-width: 1024px) 100vw, 1024px\" \/><\/figure>\n<\/figure>\n\n\n\n<p><\/p>\n\n\n\n<p><strong>Eglise Saint Ambroise<\/strong>, <strong>Paris 11<\/strong> e<\/p>\n\n\n\n<p>L&rsquo;Eglise Saint Ambroise, situ\u00e9e boulevard Voltaire \u00e0 Paris 11e, a souhait\u00e9 r\u00e9nover ses 2 SAS d&rsquo;acc\u00e8s lat\u00e9raux qui pr\u00e9sentaient des difficult\u00e9s d&rsquo;usage, et n&rsquo;\u00e9taient plus conformes aux normes de s\u00e9curit\u00e9. Poss\u00e9dant des \u00e9l\u00e9ments architecturaux uniques, nous avons r\u00e9utilis\u00e9 ces derniers (vitraux, chenaux) afin de conserver l&rsquo;esth\u00e9tique impos\u00e9e tout en renouvelant les ch\u00e2ssis pour y adjoindre des portes avec double vitrage.<\/p>\n\n\n\n<figure class=\"wp-block-gallery has-nested-images columns-default is-cropped wp-block-gallery-2 is-layout-flex wp-block-gallery-is-layout-flex\">\n<figure class=\"wp-block-image size-large\"><img loading=\"lazy\" decoding=\"async\" width=\"768\" height=\"1024\" src=\"https:\/\/www.menuiserie-blb.com\/wp-content\/uploads\/2024\/10\/Saint-Ambroise-1-768x1024.jpg\" alt=\"\" class=\"wp-image-134\" srcset=\"https:\/\/www.menuiserie-blb.com\/wp-content\/uploads\/2024\/10\/Saint-Ambroise-1-768x1024.jpg 768w, https:\/\/www.menuiserie-blb.com\/wp-content\/uploads\/2024\/10\/Saint-Ambroise-1-225x300.jpg 225w, https:\/\/www.menuiserie-blb.com\/wp-content\/uploads\/2024\/10\/Saint-Ambroise-1-1152x1536.jpg 1152w, https:\/\/www.menuiserie-blb.com\/wp-content\/uploads\/2024\/10\/Saint-Ambroise-1-1536x2048.jpg 1536w, https:\/\/www.menuiserie-blb.com\/wp-content\/uploads\/2024\/10\/Saint-Ambroise-1-scaled.jpg 1920w\" sizes=\"auto, (max-width: 768px) 100vw, 768px\" \/><\/figure>\n\n\n\n<figure class=\"wp-block-image size-large\"><img loading=\"lazy\" decoding=\"async\" width=\"351\" height=\"470\" src=\"https:\/\/www.menuiserie-blb.com\/wp-content\/uploads\/2024\/10\/Saint-Ambroise-petit.jpg\" alt=\"\" class=\"wp-image-141\" srcset=\"https:\/\/www.menuiserie-blb.com\/wp-content\/uploads\/2024\/10\/Saint-Ambroise-petit.jpg 351w, https:\/\/www.menuiserie-blb.com\/wp-content\/uploads\/2024\/10\/Saint-Ambroise-petit-224x300.jpg 224w\" sizes=\"auto, (max-width: 351px) 100vw, 351px\" \/><figcaption class=\"wp-element-caption\">Vue Ext\u00e9rieure<\/figcaption><\/figure>\n\n\n\n<figure class=\"wp-block-image size-large\"><img loading=\"lazy\" decoding=\"async\" width=\"528\" height=\"601\" src=\"https:\/\/www.menuiserie-blb.com\/wp-content\/uploads\/2024\/10\/St-Ambroise-SAS-V2.jpg\" alt=\"\" class=\"wp-image-142\" srcset=\"https:\/\/www.menuiserie-blb.com\/wp-content\/uploads\/2024\/10\/St-Ambroise-SAS-V2.jpg 528w, https:\/\/www.menuiserie-blb.com\/wp-content\/uploads\/2024\/10\/St-Ambroise-SAS-V2-264x300.jpg 264w\" sizes=\"auto, (max-width: 528px) 100vw, 528px\" \/><figcaption class=\"wp-element-caption\">Simulation 3D &#8211; Vue de l&rsquo;int\u00e9rieur<\/figcaption><\/figure>\n<\/figure>\n\n\n\n<p><\/p>\n\n\n\n<p><strong>Eglise Notre Dame des Champs &#8211; Paris 6e<\/strong><\/p>\n\n\n\n<p>La paroisse Notre Dame des Champs souhaite ouvrir son Eglise, situ\u00e9e boulevard du Montparnasse \u00e0 Paris, pour mieux accueillir ses fid\u00e8les et les visiteurs de passage. Apr\u00e8s plusieurs \u00e9tudes et simulations 3D, la fabrication a \u00e9t\u00e9 r\u00e9alis\u00e9e dans nos ateliers de Bourgogne, puis nos menuisiers sont venus r\u00e9aliser la pose. En plus d&rsquo;am\u00e9liorer l&rsquo;isolation thermique et phonique, ce SAS rend l&rsquo;Eglise plus chaleureuse et accueillante.<\/p>\n\n\n\n<figure class=\"wp-block-gallery has-nested-images columns-default is-cropped wp-block-gallery-3 is-layout-flex wp-block-gallery-is-layout-flex\">\n<figure class=\"wp-block-image size-large\"><img loading=\"lazy\" decoding=\"async\" width=\"768\" height=\"1024\" src=\"https:\/\/www.menuiserie-blb.com\/wp-content\/uploads\/2024\/10\/NDC-2-768x1024.jpg\" alt=\"\" class=\"wp-image-131\" srcset=\"https:\/\/www.menuiserie-blb.com\/wp-content\/uploads\/2024\/10\/NDC-2-768x1024.jpg 768w, https:\/\/www.menuiserie-blb.com\/wp-content\/uploads\/2024\/10\/NDC-2-225x300.jpg 225w, https:\/\/www.menuiserie-blb.com\/wp-content\/uploads\/2024\/10\/NDC-2-1152x1536.jpg 1152w, https:\/\/www.menuiserie-blb.com\/wp-content\/uploads\/2024\/10\/NDC-2-1536x2048.jpg 1536w, https:\/\/www.menuiserie-blb.com\/wp-content\/uploads\/2024\/10\/NDC-2-scaled.jpg 1920w\" sizes=\"auto, (max-width: 768px) 100vw, 768px\" \/><figcaption class=\"wp-element-caption\">Notre Dame des Champs &#8211; Paris 6<\/figcaption><\/figure>\n\n\n\n<figure class=\"wp-block-image size-large\"><img loading=\"lazy\" decoding=\"async\" width=\"1024\" height=\"1024\" src=\"https:\/\/www.menuiserie-blb.com\/wp-content\/uploads\/2024\/10\/SAS-NDC-1-1024x1024.jpg\" alt=\"\" class=\"wp-image-132\" srcset=\"https:\/\/www.menuiserie-blb.com\/wp-content\/uploads\/2024\/10\/SAS-NDC-1-1024x1024.jpg 1024w, https:\/\/www.menuiserie-blb.com\/wp-content\/uploads\/2024\/10\/SAS-NDC-1-300x300.jpg 300w, https:\/\/www.menuiserie-blb.com\/wp-content\/uploads\/2024\/10\/SAS-NDC-1-150x150.jpg 150w, https:\/\/www.menuiserie-blb.com\/wp-content\/uploads\/2024\/10\/SAS-NDC-1-768x768.jpg 768w, https:\/\/www.menuiserie-blb.com\/wp-content\/uploads\/2024\/10\/SAS-NDC-1-1536x1536.jpg 1536w, https:\/\/www.menuiserie-blb.com\/wp-content\/uploads\/2024\/10\/SAS-NDC-1-2048x2048.jpg 2048w\" sizes=\"auto, (max-width: 1024px) 100vw, 1024px\" \/><figcaption class=\"wp-element-caption\">Notre Dame des Champs &#8211; Paris 6<\/figcaption><\/figure>\n<\/figure>\n\n\n\n<p><\/p>\n\n\n\n<figure class=\"wp-block-gallery has-nested-images columns-default is-cropped wp-block-gallery-4 is-layout-flex wp-block-gallery-is-layout-flex\">\n<figure class=\"wp-block-image size-large\"><img loading=\"lazy\" decoding=\"async\" width=\"296\" height=\"408\" src=\"https:\/\/www.menuiserie-blb.com\/wp-content\/uploads\/2024\/10\/1-Simul-Int-1.png\" alt=\"\" class=\"wp-image-136\" srcset=\"https:\/\/www.menuiserie-blb.com\/wp-content\/uploads\/2024\/10\/1-Simul-Int-1.png 296w, https:\/\/www.menuiserie-blb.com\/wp-content\/uploads\/2024\/10\/1-Simul-Int-1-218x300.png 218w\" sizes=\"auto, (max-width: 296px) 100vw, 296px\" \/><figcaption class=\"wp-element-caption\">Simulation 3D &#8211; Int\u00e9rieur<\/figcaption><\/figure>\n\n\n\n<figure class=\"wp-block-image size-large\"><img loading=\"lazy\" decoding=\"async\" width=\"405\" height=\"540\" src=\"https:\/\/www.menuiserie-blb.com\/wp-content\/uploads\/2024\/10\/5-reel-SAS-int.jpg\" alt=\"\" class=\"wp-image-137\" srcset=\"https:\/\/www.menuiserie-blb.com\/wp-content\/uploads\/2024\/10\/5-reel-SAS-int.jpg 405w, https:\/\/www.menuiserie-blb.com\/wp-content\/uploads\/2024\/10\/5-reel-SAS-int-225x300.jpg 225w\" sizes=\"auto, (max-width: 405px) 100vw, 405px\" \/><figcaption class=\"wp-element-caption\">Vue int\u00e9rieure &#8211; r\u00e9el<\/figcaption><\/figure>\n\n\n\n<figure class=\"wp-block-image size-large\"><img loading=\"lazy\" decoding=\"async\" width=\"768\" height=\"1024\" src=\"https:\/\/www.menuiserie-blb.com\/wp-content\/uploads\/2024\/10\/SAS-1-768x1024-1.jpg\" alt=\"\" class=\"wp-image-138\" srcset=\"https:\/\/www.menuiserie-blb.com\/wp-content\/uploads\/2024\/10\/SAS-1-768x1024-1.jpg 768w, https:\/\/www.menuiserie-blb.com\/wp-content\/uploads\/2024\/10\/SAS-1-768x1024-1-225x300.jpg 225w\" sizes=\"auto, (max-width: 768px) 100vw, 768px\" \/><figcaption class=\"wp-element-caption\">Vue Int\u00e9rieure &#8211; R\u00e9el<\/figcaption><\/figure>\n<\/figure>\n\n\n\n<p><\/p>\n<\/div><\/div>\n","protected":false},"excerpt":{"rendered":"<p>Am\u00e9nagements Liturgiques Des projets exigeants, sur mesure, qui s&rsquo;int\u00e8grent dans le respect de l&rsquo;architecture existante. Eglise Sainte Jeanne de Chantal, Paris 16 e Sainte Jeanne de Chantal est une Eglise situ\u00e9e porte de Saint Cloud \u00e0 proximit\u00e9 du Parc des Princes. Entre la n\u00e9cessit\u00e9 de s\u00e9curiser l&rsquo;\u00e9difice lors des matchs et le besoin d&rsquo;ouvrir l&rsquo;Eglise&#8230;<\/p>\n","protected":false},"author":1,"featured_media":0,"parent":0,"menu_order":0,"comment_status":"closed","ping_status":"closed","template":"","meta":{"_kadence_starter_templates_imported_post":false,"_kad_post_transparent":"","_kad_post_title":"","_kad_post_layout":"","_kad_post_sidebar_id":"","_kad_post_content_style":"","_kad_post_vertical_padding":"","_kad_post_feature":"","_kad_post_feature_position":"","_kad_post_header":false,"_kad_post_footer":false,"footnotes":""},"class_list":["post-105","page","type-page","status-publish","hentry"],"_links":{"self":[{"href":"https:\/\/www.menuiserie-blb.com\/index.php?rest_route=\/wp\/v2\/pages\/105","targetHints":{"allow":["GET"]}}],"collection":[{"href":"https:\/\/www.menuiserie-blb.com\/index.php?rest_route=\/wp\/v2\/pages"}],"about":[{"href":"https:\/\/www.menuiserie-blb.com\/index.php?rest_route=\/wp\/v2\/types\/page"}],"author":[{"embeddable":true,"href":"https:\/\/www.menuiserie-blb.com\/index.php?rest_route=\/wp\/v2\/users\/1"}],"replies":[{"embeddable":true,"href":"https:\/\/www.menuiserie-blb.com\/index.php?rest_route=%2Fwp%2Fv2%2Fcomments&post=105"}],"version-history":[{"count":14,"href":"https:\/\/www.menuiserie-blb.com\/index.php?rest_route=\/wp\/v2\/pages\/105\/revisions"}],"predecessor-version":[{"id":326,"href":"https:\/\/www.menuiserie-blb.com\/index.php?rest_route=\/wp\/v2\/pages\/105\/revisions\/326"}],"wp:attachment":[{"href":"https:\/\/www.menuiserie-blb.com\/index.php?rest_route=%2Fwp%2Fv2%2Fmedia&parent=105"}],"curies":[{"name":"wp","href":"https:\/\/api.w.org\/{rel}","templated":true}]}}