{"id":114,"date":"2024-10-18T14:09:52","date_gmt":"2024-10-18T12:09:52","guid":{"rendered":"https:\/\/www.menuiserie-blb.com\/?page_id=114"},"modified":"2025-06-03T16:03:21","modified_gmt":"2025-06-03T14:03:21","slug":"menuiserie-blb","status":"publish","type":"page","link":"https:\/\/www.menuiserie-blb.com\/","title":{"rendered":"Menuiserie BLB"},"content":{"rendered":"\n<div class=\"wp-block-group has-theme-palette-8-background-color has-background is-vertical is-content-justification-center is-layout-flex wp-container-core-group-is-layout-1 wp-block-group-is-layout-flex\" style=\"padding-top:60px;padding-right:0;padding-bottom:60px;padding-left:0\">\n<h2 class=\"wp-block-heading has-text-align-center has-xxlarge-font-size\">MENUISERIE BLB<\/h2>\n\n\n\n<p class=\"has-text-align-center has-large-font-size\">Vos projets nos r\u00e9alisations<\/p>\n\n\n\n<div style=\"height:0px\" aria-hidden=\"true\" class=\"wp-block-spacer wp-container-content-1\"><\/div>\n\n\n\n<div class=\"wp-block-buttons is-content-justification-center is-layout-flex wp-container-core-buttons-is-layout-1 wp-block-buttons-is-layout-flex\">\n<div class=\"wp-block-button is-style-fill\" style=\"font-style:normal;font-weight:600\"><a class=\"wp-block-button__link wp-element-button\" href=\"https:\/\/www.menuiserie-blb.com\/?page_id=301\" style=\"border-style:solid;border-width:2px\">Devis Gratuit<\/a><\/div>\n<\/div>\n<\/div>\n\n\n\n<div class=\"wp-block-group\"><div class=\"wp-block-group__inner-container is-layout-constrained wp-block-group-is-layout-constrained\">\n<p class=\"has-text-align-center\"><strong>Portes, Fen\u00eatres, Agencements,  Meubles<\/strong><\/p>\n\n\n\n<p class=\"has-text-align-center\"><strong>Conception, Fabrication sur mesure et R\u00e9novation<\/strong><\/p>\n\n\n\n<p class=\"has-text-align-center\"><strong>Nos menuisiers r\u00e9alisent votre projet dans toute la France.<\/strong><\/p>\n<\/div><\/div>\n\n\n\n<div class=\"wp-block-group\" style=\"padding-top:0;padding-right:25px;padding-bottom:0;padding-left:25px\"><div class=\"wp-block-group__inner-container is-layout-constrained wp-container-core-group-is-layout-3 wp-block-group-is-layout-constrained\">\n<figure class=\"wp-block-gallery has-nested-images columns-4 is-cropped has-theme-palette-9-background-color has-background wp-block-gallery-1 is-layout-flex wp-block-gallery-is-layout-flex\" style=\"border-style:none;border-width:0px\">\n<figure class=\"wp-block-image size-large\"><a href=\"https:\/\/www.menuiserie-blb.com\/?page_id=105\" target=\"_blank\" rel=\"noopener\"><img loading=\"lazy\" decoding=\"async\" width=\"768\" height=\"1024\" src=\"https:\/\/www.menuiserie-blb.com\/wp-content\/uploads\/2024\/10\/NDC-1-768x1024.jpg\" alt=\"\" class=\"wp-image-124\" srcset=\"https:\/\/www.menuiserie-blb.com\/wp-content\/uploads\/2024\/10\/NDC-1-768x1024.jpg 768w, https:\/\/www.menuiserie-blb.com\/wp-content\/uploads\/2024\/10\/NDC-1-225x300.jpg 225w, https:\/\/www.menuiserie-blb.com\/wp-content\/uploads\/2024\/10\/NDC-1-1152x1536.jpg 1152w, https:\/\/www.menuiserie-blb.com\/wp-content\/uploads\/2024\/10\/NDC-1-1536x2048.jpg 1536w, https:\/\/www.menuiserie-blb.com\/wp-content\/uploads\/2024\/10\/NDC-1-scaled.jpg 1920w\" sizes=\"auto, (max-width: 768px) 100vw, 768px\" \/><\/a><figcaption class=\"wp-element-caption\">AGENCEMENTS LITURGIQUES<\/figcaption><\/figure>\n\n\n\n<figure class=\"wp-block-image size-large\"><a href=\"https:\/\/www.menuiserie-blb.com\/?page_id=122\"><img loading=\"lazy\" decoding=\"async\" width=\"1024\" height=\"1024\" src=\"https:\/\/www.menuiserie-blb.com\/wp-content\/uploads\/2024\/10\/Chambre-1024x1024.jpg\" alt=\"\" class=\"wp-image-125\" srcset=\"https:\/\/www.menuiserie-blb.com\/wp-content\/uploads\/2024\/10\/Chambre-1024x1024.jpg 1024w, https:\/\/www.menuiserie-blb.com\/wp-content\/uploads\/2024\/10\/Chambre-300x300.jpg 300w, https:\/\/www.menuiserie-blb.com\/wp-content\/uploads\/2024\/10\/Chambre-150x150.jpg 150w, https:\/\/www.menuiserie-blb.com\/wp-content\/uploads\/2024\/10\/Chambre-768x768.jpg 768w, https:\/\/www.menuiserie-blb.com\/wp-content\/uploads\/2024\/10\/Chambre-1536x1536.jpg 1536w, https:\/\/www.menuiserie-blb.com\/wp-content\/uploads\/2024\/10\/Chambre-2048x2048.jpg 2048w\" sizes=\"auto, (max-width: 1024px) 100vw, 1024px\" \/><\/a><figcaption class=\"wp-element-caption\">AGENCEMENTS D&rsquo;INTERIEUR<\/figcaption><\/figure>\n\n\n\n<figure class=\"wp-block-image size-medium\"><a href=\"https:\/\/www.menuiserie-blb.com\/?page_id=117\"><img loading=\"lazy\" decoding=\"async\" width=\"300\" height=\"233\" src=\"https:\/\/www.menuiserie-blb.com\/wp-content\/uploads\/2024\/10\/Table-2-300x233.jpg\" alt=\"\" class=\"wp-image-126\" srcset=\"https:\/\/www.menuiserie-blb.com\/wp-content\/uploads\/2024\/10\/Table-2-300x233.jpg 300w, https:\/\/www.menuiserie-blb.com\/wp-content\/uploads\/2024\/10\/Table-2.jpg 540w\" sizes=\"auto, (max-width: 300px) 100vw, 300px\" \/><\/a><figcaption class=\"wp-element-caption\">MEUBLES SUR MESURE<\/figcaption><\/figure>\n\n\n\n<figure class=\"wp-block-image size-large\"><a href=\"https:\/\/www.menuiserie-blb.com\/?page_id=225\"><img loading=\"lazy\" decoding=\"async\" width=\"1024\" height=\"472\" src=\"https:\/\/www.menuiserie-blb.com\/wp-content\/uploads\/2025\/05\/1000003066-2-1024x472.jpg\" alt=\"\" class=\"wp-image-247\" srcset=\"https:\/\/www.menuiserie-blb.com\/wp-content\/uploads\/2025\/05\/1000003066-2-1024x472.jpg 1024w, https:\/\/www.menuiserie-blb.com\/wp-content\/uploads\/2025\/05\/1000003066-2-300x138.jpg 300w, https:\/\/www.menuiserie-blb.com\/wp-content\/uploads\/2025\/05\/1000003066-2-150x69.jpg 150w, https:\/\/www.menuiserie-blb.com\/wp-content\/uploads\/2025\/05\/1000003066-2-768x354.jpg 768w, https:\/\/www.menuiserie-blb.com\/wp-content\/uploads\/2025\/05\/1000003066-2-1536x708.jpg 1536w, https:\/\/www.menuiserie-blb.com\/wp-content\/uploads\/2025\/05\/1000003066-2.jpg 1600w\" sizes=\"auto, (max-width: 1024px) 100vw, 1024px\" \/><\/a><figcaption class=\"wp-element-caption\">PORTES &amp; FENETRES<\/figcaption><\/figure>\n<\/figure>\n\n\n\n<p class=\"has-text-align-center\">Cliquer sur l&rsquo;image pour d\u00e9couvrir nos r\u00e9alisations<\/p>\n<\/div><\/div>\n\n\n\n<div style=\"height:60px\" aria-hidden=\"true\" class=\"wp-block-spacer\"><\/div>\n","protected":false},"excerpt":{"rendered":"<p>MENUISERIE BLB Vos projets nos r\u00e9alisations Portes, Fen\u00eatres, Agencements, Meubles Conception, Fabrication sur mesure et R\u00e9novation Nos menuisiers r\u00e9alisent votre projet dans toute la France. Cliquer sur l&rsquo;image pour d\u00e9couvrir nos r\u00e9alisations<\/p>\n","protected":false},"author":1,"featured_media":0,"parent":0,"menu_order":0,"comment_status":"closed","ping_status":"closed","template":"","meta":{"_kadence_starter_templates_imported_post":false,"_kad_post_transparent":"","_kad_post_title":"","_kad_post_layout":"","_kad_post_sidebar_id":"","_kad_post_content_style":"","_kad_post_vertical_padding":"","_kad_post_feature":"","_kad_post_feature_position":"","_kad_post_header":false,"_kad_post_footer":false,"footnotes":""},"class_list":["post-114","page","type-page","status-publish","hentry"],"_links":{"self":[{"href":"https:\/\/www.menuiserie-blb.com\/index.php?rest_route=\/wp\/v2\/pages\/114","targetHints":{"allow":["GET"]}}],"collection":[{"href":"https:\/\/www.menuiserie-blb.com\/index.php?rest_route=\/wp\/v2\/pages"}],"about":[{"href":"https:\/\/www.menuiserie-blb.com\/index.php?rest_route=\/wp\/v2\/types\/page"}],"author":[{"embeddable":true,"href":"https:\/\/www.menuiserie-blb.com\/index.php?rest_route=\/wp\/v2\/users\/1"}],"replies":[{"embeddable":true,"href":"https:\/\/www.menuiserie-blb.com\/index.php?rest_route=%2Fwp%2Fv2%2Fcomments&post=114"}],"version-history":[{"count":34,"href":"https:\/\/www.menuiserie-blb.com\/index.php?rest_route=\/wp\/v2\/pages\/114\/revisions"}],"predecessor-version":[{"id":328,"href":"https:\/\/www.menuiserie-blb.com\/index.php?rest_route=\/wp\/v2\/pages\/114\/revisions\/328"}],"wp:attachment":[{"href":"https:\/\/www.menuiserie-blb.com\/index.php?rest_route=%2Fwp%2Fv2%2Fmedia&parent=114"}],"curies":[{"name":"wp","href":"https:\/\/api.w.org\/{rel}","templated":true}]}}