{"id":122,"date":"2024-10-18T14:21:03","date_gmt":"2024-10-18T12:21:03","guid":{"rendered":"https:\/\/www.menuiserie-blb.com\/?page_id=122"},"modified":"2025-06-03T16:01:10","modified_gmt":"2025-06-03T14:01:10","slug":"agencements-sur-mesure","status":"publish","type":"page","link":"https:\/\/www.menuiserie-blb.com\/?page_id=122","title":{"rendered":"Agencements d&rsquo;int\u00e9rieur"},"content":{"rendered":"\n<div style=\"height:60px\" aria-hidden=\"true\" class=\"wp-block-spacer\"><\/div>\n\n\n\n<h1 class=\"wp-block-heading has-text-align-center\">Agencements d&rsquo;int\u00e9rieur<\/h1>\n\n\n\n<div style=\"height:60px\" aria-hidden=\"true\" class=\"wp-block-spacer\"><\/div>\n\n\n\n<p style=\"padding-right:25px;padding-left:25px\">\u00c9tag\u00e8res, cuisines, meubles bas, salle de bain &#8230;. nous prenons vos mesures et vous proposons des am\u00e9nagements en 3D pour que vos envies deviennent r\u00e9alit\u00e9 &#8230;<\/p>\n\n\n\n<div class=\"wp-block-group\" style=\"padding-right:25px;padding-left:25px\"><div class=\"wp-block-group__inner-container is-layout-constrained wp-container-core-group-is-layout-1 wp-block-group-is-layout-constrained\">\n<figure class=\"wp-block-gallery has-nested-images columns-2 is-cropped has-theme-palette-9-background-color has-background wp-block-gallery-1 is-layout-flex wp-block-gallery-is-layout-flex\" style=\"border-style:none;border-width:0px;padding-right:0px;padding-left:0px\">\n<figure class=\"wp-block-image size-large\"><img loading=\"lazy\" decoding=\"async\" width=\"1024\" height=\"1024\" src=\"https:\/\/www.menuiserie-blb.com\/wp-content\/uploads\/2024\/10\/Chambre-1-1024x1024.jpg\" alt=\"\" class=\"wp-image-161\" srcset=\"https:\/\/www.menuiserie-blb.com\/wp-content\/uploads\/2024\/10\/Chambre-1-1024x1024.jpg 1024w, https:\/\/www.menuiserie-blb.com\/wp-content\/uploads\/2024\/10\/Chambre-1-300x300.jpg 300w, https:\/\/www.menuiserie-blb.com\/wp-content\/uploads\/2024\/10\/Chambre-1-150x150.jpg 150w, https:\/\/www.menuiserie-blb.com\/wp-content\/uploads\/2024\/10\/Chambre-1-768x768.jpg 768w, https:\/\/www.menuiserie-blb.com\/wp-content\/uploads\/2024\/10\/Chambre-1-1536x1536.jpg 1536w, https:\/\/www.menuiserie-blb.com\/wp-content\/uploads\/2024\/10\/Chambre-1-2048x2048.jpg 2048w\" sizes=\"auto, (max-width: 1024px) 100vw, 1024px\" \/><\/figure>\n\n\n\n<figure class=\"wp-block-image size-large\"><img loading=\"lazy\" decoding=\"async\" width=\"1024\" height=\"1024\" src=\"https:\/\/www.menuiserie-blb.com\/wp-content\/uploads\/2024\/10\/cuisine-1024x1024.jpg\" alt=\"\" class=\"wp-image-162\" srcset=\"https:\/\/www.menuiserie-blb.com\/wp-content\/uploads\/2024\/10\/cuisine-1024x1024.jpg 1024w, https:\/\/www.menuiserie-blb.com\/wp-content\/uploads\/2024\/10\/cuisine-300x300.jpg 300w, https:\/\/www.menuiserie-blb.com\/wp-content\/uploads\/2024\/10\/cuisine-150x150.jpg 150w, https:\/\/www.menuiserie-blb.com\/wp-content\/uploads\/2024\/10\/cuisine-768x768.jpg 768w, https:\/\/www.menuiserie-blb.com\/wp-content\/uploads\/2024\/10\/cuisine-1536x1536.jpg 1536w, https:\/\/www.menuiserie-blb.com\/wp-content\/uploads\/2024\/10\/cuisine-2048x2048.jpg 2048w\" sizes=\"auto, (max-width: 1024px) 100vw, 1024px\" \/><\/figure>\n\n\n\n<figure class=\"wp-block-image size-large\"><img loading=\"lazy\" decoding=\"async\" width=\"1024\" height=\"768\" src=\"https:\/\/www.menuiserie-blb.com\/wp-content\/uploads\/2024\/10\/cuisine-copie-1024x768.jpg\" alt=\"\" class=\"wp-image-163\" srcset=\"https:\/\/www.menuiserie-blb.com\/wp-content\/uploads\/2024\/10\/cuisine-copie-1024x768.jpg 1024w, https:\/\/www.menuiserie-blb.com\/wp-content\/uploads\/2024\/10\/cuisine-copie-300x225.jpg 300w, https:\/\/www.menuiserie-blb.com\/wp-content\/uploads\/2024\/10\/cuisine-copie-768x576.jpg 768w, https:\/\/www.menuiserie-blb.com\/wp-content\/uploads\/2024\/10\/cuisine-copie-1536x1152.jpg 1536w, https:\/\/www.menuiserie-blb.com\/wp-content\/uploads\/2024\/10\/cuisine-copie.jpg 1600w\" sizes=\"auto, (max-width: 1024px) 100vw, 1024px\" \/><\/figure>\n\n\n\n<figure class=\"wp-block-image size-large\"><img loading=\"lazy\" decoding=\"async\" width=\"1024\" height=\"768\" src=\"https:\/\/www.menuiserie-blb.com\/wp-content\/uploads\/2024\/10\/meuble-sdb-1024x768.jpg\" alt=\"\" class=\"wp-image-153\" srcset=\"https:\/\/www.menuiserie-blb.com\/wp-content\/uploads\/2024\/10\/meuble-sdb-1024x768.jpg 1024w, https:\/\/www.menuiserie-blb.com\/wp-content\/uploads\/2024\/10\/meuble-sdb-300x225.jpg 300w, https:\/\/www.menuiserie-blb.com\/wp-content\/uploads\/2024\/10\/meuble-sdb-768x576.jpg 768w, https:\/\/www.menuiserie-blb.com\/wp-content\/uploads\/2024\/10\/meuble-sdb-1536x1152.jpg 1536w, https:\/\/www.menuiserie-blb.com\/wp-content\/uploads\/2024\/10\/meuble-sdb.jpg 1600w\" sizes=\"auto, (max-width: 1024px) 100vw, 1024px\" \/><\/figure>\n<\/figure>\n\n\n\n<div style=\"height:40px\" aria-hidden=\"true\" class=\"wp-block-spacer\"><\/div>\n\n\n\n<figure class=\"wp-block-gallery has-nested-images columns-default is-cropped wp-block-gallery-2 is-layout-flex wp-block-gallery-is-layout-flex\">\n<figure class=\"wp-block-image size-large\"><img loading=\"lazy\" decoding=\"async\" width=\"1024\" height=\"728\" src=\"https:\/\/www.menuiserie-blb.com\/wp-content\/uploads\/2024\/12\/Cheminee-projet-3-1024x728.jpg\" alt=\"\" class=\"wp-image-177\" srcset=\"https:\/\/www.menuiserie-blb.com\/wp-content\/uploads\/2024\/12\/Cheminee-projet-3-1024x728.jpg 1024w, https:\/\/www.menuiserie-blb.com\/wp-content\/uploads\/2024\/12\/Cheminee-projet-3-300x213.jpg 300w, https:\/\/www.menuiserie-blb.com\/wp-content\/uploads\/2024\/12\/Cheminee-projet-3-768x546.jpg 768w, https:\/\/www.menuiserie-blb.com\/wp-content\/uploads\/2024\/12\/Cheminee-projet-3.jpg 1291w\" sizes=\"auto, (max-width: 1024px) 100vw, 1024px\" \/><figcaption class=\"wp-element-caption\">De la conception &#8230;<\/figcaption><\/figure>\n\n\n\n<figure class=\"wp-block-image size-full\"><img loading=\"lazy\" decoding=\"async\" width=\"546\" height=\"381\" src=\"https:\/\/www.menuiserie-blb.com\/wp-content\/uploads\/2024\/09\/Etageres-et-meubles.jpg\" alt=\"\" class=\"wp-image-101\" srcset=\"https:\/\/www.menuiserie-blb.com\/wp-content\/uploads\/2024\/09\/Etageres-et-meubles.jpg 546w, https:\/\/www.menuiserie-blb.com\/wp-content\/uploads\/2024\/09\/Etageres-et-meubles-300x209.jpg 300w\" sizes=\"auto, (max-width: 546px) 100vw, 546px\" \/><figcaption class=\"wp-element-caption\">\u00e0 la r\u00e9alisation<\/figcaption><\/figure>\n<\/figure>\n<\/div><\/div>\n\n\n\n<div style=\"height:60px\" aria-hidden=\"true\" class=\"wp-block-spacer\"><\/div>\n","protected":false},"excerpt":{"rendered":"<p>Agencements d&rsquo;int\u00e9rieur \u00c9tag\u00e8res, cuisines, meubles bas, salle de bain &#8230;. nous prenons vos mesures et vous proposons des am\u00e9nagements en 3D pour que vos envies deviennent r\u00e9alit\u00e9 &#8230;<\/p>\n","protected":false},"author":1,"featured_media":0,"parent":0,"menu_order":0,"comment_status":"closed","ping_status":"closed","template":"","meta":{"_kadence_starter_templates_imported_post":false,"_kad_post_transparent":"","_kad_post_title":"","_kad_post_layout":"","_kad_post_sidebar_id":"","_kad_post_content_style":"","_kad_post_vertical_padding":"","_kad_post_feature":"","_kad_post_feature_position":"","_kad_post_header":false,"_kad_post_footer":false,"footnotes":""},"class_list":["post-122","page","type-page","status-publish","hentry"],"_links":{"self":[{"href":"https:\/\/www.menuiserie-blb.com\/index.php?rest_route=\/wp\/v2\/pages\/122","targetHints":{"allow":["GET"]}}],"collection":[{"href":"https:\/\/www.menuiserie-blb.com\/index.php?rest_route=\/wp\/v2\/pages"}],"about":[{"href":"https:\/\/www.menuiserie-blb.com\/index.php?rest_route=\/wp\/v2\/types\/page"}],"author":[{"embeddable":true,"href":"https:\/\/www.menuiserie-blb.com\/index.php?rest_route=\/wp\/v2\/users\/1"}],"replies":[{"embeddable":true,"href":"https:\/\/www.menuiserie-blb.com\/index.php?rest_route=%2Fwp%2Fv2%2Fcomments&post=122"}],"version-history":[{"count":18,"href":"https:\/\/www.menuiserie-blb.com\/index.php?rest_route=\/wp\/v2\/pages\/122\/revisions"}],"predecessor-version":[{"id":327,"href":"https:\/\/www.menuiserie-blb.com\/index.php?rest_route=\/wp\/v2\/pages\/122\/revisions\/327"}],"wp:attachment":[{"href":"https:\/\/www.menuiserie-blb.com\/index.php?rest_route=%2Fwp%2Fv2%2Fmedia&parent=122"}],"curies":[{"name":"wp","href":"https:\/\/api.w.org\/{rel}","templated":true}]}}