{"id":225,"date":"2025-05-20T15:03:04","date_gmt":"2025-05-20T13:03:04","guid":{"rendered":"https:\/\/www.menuiserie-blb.com\/?page_id=225"},"modified":"2025-11-08T10:19:11","modified_gmt":"2025-11-08T09:19:11","slug":"portes-fenetres","status":"publish","type":"page","link":"https:\/\/www.menuiserie-blb.com\/?page_id=225","title":{"rendered":"Portes,  Fen\u00eatres et Volets"},"content":{"rendered":"\n<p><\/p>\n\n\n\n<p><\/p>\n\n\n\n<p><\/p>\n\n\n\n<p><\/p>\n\n\n\n<p class=\"has-text-align-center\">R\u00e9novation, remplacement ou fabrication \u00e0 neuf.<\/p>\n\n\n\n<div class=\"wp-block-columns is-layout-flex wp-container-core-columns-is-layout-1 wp-block-columns-is-layout-flex\">\n<div class=\"wp-block-column is-layout-flow wp-block-column-is-layout-flow\"><div class=\"wp-block-image\">\n<figure class=\"aligncenter size-full\"><img loading=\"lazy\" decoding=\"async\" width=\"248\" height=\"389\" src=\"https:\/\/www.menuiserie-blb.com\/wp-content\/uploads\/2025\/11\/Volet-web-1.jpg\" alt=\"\" class=\"wp-image-336\" srcset=\"https:\/\/www.menuiserie-blb.com\/wp-content\/uploads\/2025\/11\/Volet-web-1.jpg 248w, https:\/\/www.menuiserie-blb.com\/wp-content\/uploads\/2025\/11\/Volet-web-1-191x300.jpg 191w, https:\/\/www.menuiserie-blb.com\/wp-content\/uploads\/2025\/11\/Volet-web-1-96x150.jpg 96w\" sizes=\"auto, (max-width: 248px) 100vw, 248px\" \/><\/figure><\/div>\n\n\n<blockquote class=\"wp-block-quote is-layout-flow wp-block-quote-is-layout-flow\">\n<p class=\"has-text-align-center\">R\u00e9novation de volets<\/p>\n<\/blockquote>\n<\/div>\n\n\n\n<div class=\"wp-block-column is-layout-flow wp-block-column-is-layout-flow\"><div class=\"wp-block-image\">\n<figure class=\"aligncenter size-full\"><img loading=\"lazy\" decoding=\"async\" width=\"205\" height=\"389\" src=\"https:\/\/www.menuiserie-blb.com\/wp-content\/uploads\/2025\/11\/Fenetres-web.jpg\" alt=\"\" class=\"wp-image-337\" srcset=\"https:\/\/www.menuiserie-blb.com\/wp-content\/uploads\/2025\/11\/Fenetres-web.jpg 205w, https:\/\/www.menuiserie-blb.com\/wp-content\/uploads\/2025\/11\/Fenetres-web-158x300.jpg 158w, https:\/\/www.menuiserie-blb.com\/wp-content\/uploads\/2025\/11\/Fenetres-web-79x150.jpg 79w\" sizes=\"auto, (max-width: 205px) 100vw, 205px\" \/><\/figure><\/div>\n\n\n<p class=\"has-text-align-center\">Fen\u00eatres double vitrages en remplacement<\/p>\n<\/div>\n\n\n\n<div class=\"wp-block-column is-layout-flow wp-block-column-is-layout-flow\"><div class=\"wp-block-image\">\n<figure class=\"aligncenter size-full\"><img loading=\"lazy\" decoding=\"async\" width=\"255\" height=\"380\" src=\"https:\/\/www.menuiserie-blb.com\/wp-content\/uploads\/2025\/11\/porte-web.jpg\" alt=\"\" class=\"wp-image-338\" srcset=\"https:\/\/www.menuiserie-blb.com\/wp-content\/uploads\/2025\/11\/porte-web.jpg 255w, https:\/\/www.menuiserie-blb.com\/wp-content\/uploads\/2025\/11\/porte-web-201x300.jpg 201w, https:\/\/www.menuiserie-blb.com\/wp-content\/uploads\/2025\/11\/porte-web-101x150.jpg 101w\" sizes=\"auto, (max-width: 255px) 100vw, 255px\" \/><\/figure><\/div>\n\n\n<p class=\"has-text-align-center\">Porte d&rsquo;entr\u00e9e sur mesure<\/p>\n<\/div>\n<\/div>\n\n\n\n<blockquote class=\"wp-block-quote is-layout-flow wp-block-quote-is-layout-flow\"><\/blockquote>\n\n\n\n<p><\/p>\n","protected":false},"excerpt":{"rendered":"<p>R\u00e9novation, remplacement ou fabrication \u00e0 neuf. R\u00e9novation de volets Fen\u00eatres double vitrages en remplacement Porte d&rsquo;entr\u00e9e sur mesure<\/p>\n","protected":false},"author":2,"featured_media":0,"parent":0,"menu_order":0,"comment_status":"closed","ping_status":"closed","template":"","meta":{"_kadence_starter_templates_imported_post":false,"_kad_post_transparent":"","_kad_post_title":"","_kad_post_layout":"","_kad_post_sidebar_id":"","_kad_post_content_style":"","_kad_post_vertical_padding":"","_kad_post_feature":"","_kad_post_feature_position":"","_kad_post_header":false,"_kad_post_footer":false,"footnotes":""},"class_list":["post-225","page","type-page","status-publish","hentry"],"_links":{"self":[{"href":"https:\/\/www.menuiserie-blb.com\/index.php?rest_route=\/wp\/v2\/pages\/225","targetHints":{"allow":["GET"]}}],"collection":[{"href":"https:\/\/www.menuiserie-blb.com\/index.php?rest_route=\/wp\/v2\/pages"}],"about":[{"href":"https:\/\/www.menuiserie-blb.com\/index.php?rest_route=\/wp\/v2\/types\/page"}],"author":[{"embeddable":true,"href":"https:\/\/www.menuiserie-blb.com\/index.php?rest_route=\/wp\/v2\/users\/2"}],"replies":[{"embeddable":true,"href":"https:\/\/www.menuiserie-blb.com\/index.php?rest_route=%2Fwp%2Fv2%2Fcomments&post=225"}],"version-history":[{"count":7,"href":"https:\/\/www.menuiserie-blb.com\/index.php?rest_route=\/wp\/v2\/pages\/225\/revisions"}],"predecessor-version":[{"id":343,"href":"https:\/\/www.menuiserie-blb.com\/index.php?rest_route=\/wp\/v2\/pages\/225\/revisions\/343"}],"wp:attachment":[{"href":"https:\/\/www.menuiserie-blb.com\/index.php?rest_route=%2Fwp%2Fv2%2Fmedia&parent=225"}],"curies":[{"name":"wp","href":"https:\/\/api.w.org\/{rel}","templated":true}]}}